{"id":1480,"date":"2017-01-10T02:12:24","date_gmt":"2017-01-10T02:12:24","guid":{"rendered":"http:\/\/udesigntheme.com\/demos-for-export\/spa\/?page_id=39"},"modified":"2021-12-03T12:45:53","modified_gmt":"2021-12-03T11:45:53","slug":"magamrol","status":"publish","type":"page","link":"https:\/\/essentialkosmetik.de\/hu\/magamrol\/","title":{"rendered":"KOZMETIKUS"},"content":{"rendered":"[vc_row full_width=&#8221;stretch_row&#8221; equal_height=&#8221;yes&#8221; css=&#8221;.vc_custom_1487897717469{margin-top: -52px !important;padding-top: 70px !important;padding-bottom: 90px !important;background: #e4e4e4 url(http:\/\/essentialkosmetik.de\/hu\/wp-content\/uploads\/2017\/01\/UMEDISPA-bg84.jpg?id=1078) !important;background-position: center !important;background-repeat: no-repeat !important;background-size: cover !important;}&#8221;][vc_column width=&#8221;1\/2&#8243; css=&#8221;.vc_custom_1487733095111{padding-top: 30px !important;padding-bottom: 30px !important;}&#8221;][vc_column_text css=&#8221;.vc_custom_1570742142447{margin-bottom: 40px !important;}&#8221;]\n<h3 style=\"font-size: 48px;\">MAGAMR\u00d3L<\/h3>\n[\/vc_column_text][vc_column_text]\n<p style=\"text-align: center;\">Sok szeretettel k\u00f6sz\u00f6ntelek az Essential -skincare- Kosmetik oldal\u00e1n! R\u00f3ka Eszter vagyok, kozmetikus, aerobik- personal tr\u00e9ner, prevent\u00edv gerinctr\u00e9ner \u00e9s Hatha j\u00f3ga oktat\u00f3. K\u00f6z\u00e9piskol\u00e1s korom \u00f3ta tart szeretetem \u00e9s hitem a sz\u00e9ps\u00e9g\u00e1pol\u00e1s ir\u00e1nt. Szakm\u00e1im \u00e9s ezekben megszerzett tapasztalataim ihlettek arra, hogy egyedi sz\u00e9ps\u00e9g\u00e1pol\u00e1si lehet\u0151s\u00e9get k\u00edn\u00e1ljak mindazoknak, akik tudatoss\u00e1ggal tekintenek az \u00e1polts\u00e1g meg\u0151rz\u00e9s\u00e9re. K\u00fcls\u0151nk a test \u00e9s l\u00e9lek t\u00fckre, \u00edgy ha \u00e1polt b\u0151rre, testre v\u00e1gyunk, akkor meg kell \u00e9rten\u00fcnk szervezet\u00fcnket, bels\u0151 vil\u00e1gunkat is.<br \/>\nA min\u0151s\u00e9g, lelkiismeretess\u00e9g mellett fontosnak tartom a vend\u00e9g \u00e9s a szakember k\u00f6z\u00f6tti harmonikus kapcsolatot. A vil\u00e1gon a legnagyobb energia a <strong>szeretet<\/strong>, \u00e9pp ez\u00e9rt ha valamit szeretettel csin\u00e1lsz akkor azt val\u00f3ban \u00e1t tudod adni.<\/p>\n[\/vc_column_text][\/vc_column][vc_column width=&#8221;1\/2&#8243;][\/vc_column][\/vc_row][vc_row full_width=&#8221;stretch_row&#8221; equal_height=&#8221;yes&#8221; css=&#8221;.vc_custom_1487733149621{padding-top: 70px !important;padding-bottom: 90px !important;background: #917695 url(http:\/\/essentialkosmetik.de\/hu\/wp-content\/uploads\/2017\/01\/UMEDISPA_19.jpg?id=1081) !important;background-position: center !important;background-repeat: no-repeat !important;background-size: cover !important;}&#8221;][vc_column width=&#8221;1\/2&#8243;][\/vc_column][vc_column width=&#8221;1\/2&#8243;][vc_column_text css=&#8221;.vc_custom_1570742688361{margin-bottom: 40px !important;}&#8221;]\n<h3 style=\"font-size: 48px; color: #ffffff;\">AZ \u00dcZLETR\u0150L<\/h3>\n[\/vc_column_text][vc_column_text]\n<div style=\"color: #ffffff;\">Kis \u00fczletemet megtal\u00e1lod Bad Reichenhallban, a Tiroler Str. 2\/A sz\u00e1m alatt . Ez a \u201eB\u00c9KE SZIGETE\u201d ahol nyugalom v\u00e1r \u00e9s halk zene sz\u00f3l a test, a l\u00e9lek \u00e9s a szellem \u00e1pol\u00e1s\u00e1\u00e9rt, hiszen egyre vil\u00e1gosabb hogy titokban mindenki erre v\u00e1gyik! A val\u00f3di titok azonban a term\u00e9szetes kozmetikumok mellett saj\u00e1t magunkban rejlik.<\/div>\n[\/vc_column_text][\/vc_column][\/vc_row][vc_row full_width=&#8221;stretch_row&#8221; equal_height=&#8221;yes&#8221; css=&#8221;.vc_custom_1487778204377{padding-top: 70px !important;padding-bottom: 90px !important;background: #e4e4e4 url(http:\/\/essentialkosmetik.de\/hu\/wp-content\/uploads\/2017\/01\/MEDISPA_bg57jpg.jpg?id=1110) !important;background-position: center !important;background-repeat: no-repeat !important;background-size: cover !important;}&#8221;][vc_column width=&#8221;1\/2&#8243;][vc_column_text css=&#8221;.vc_custom_1573744865232{margin-bottom: 40px !important;}&#8221;]\n<h3 style=\"font-size: 48px;\">KEZEL\u00c9SEK<\/h3>\n[\/vc_column_text][vc_column_text]Ak\u00e1r kozmetikai arckezel\u00e9s, szempillafest\u00e9s, szem\u00f6ld\u00f6k form\u00e1z\u00e1s, ak\u00e1r csak egy pihentet\u0151 arcmassz\u00e1zs. Itt minden vend\u00e9g megtal\u00e1lja a megfelel\u0151 arckezel\u00e9st szem\u00e9lyes ig\u00e9nyei szerint.<br \/>\nKezel\u00e9seim c\u00e9lja a bels\u0151 \u00e9s k\u00fcls\u0151 sz\u00e9ps\u00e9g k\u00f6z\u00f6tti kapcsolat el\u0151seg\u00edt\u00e9se, mivel sz\u00e1momra fontos a bels\u0151 \u00e9s a k\u00fcls\u0151 sz\u00e9ps\u00e9g filoz\u00f3fi\u00e1ja.<br \/>\nEngedd, hogy elcs\u00e1b\u00edtson a r\u00e9szletek ir\u00e1nti szeretet \u00e9s a munk\u00e1m ir\u00e1nti szenved\u00e9ly &#8211; csod\u00e1latos term\u00e9szetes kozmetikumokkal \u00e9s tiszta term\u00e9szetes ill\u00f3olajok illataival k\u00f6r\u00fclv\u00e9ve. A b\u0151r\u00f6d sz\u00e9ps\u00e9ge, \u00e1polts\u00e1ga n\u00e1lam a legjobb kezekben van.[\/vc_column_text][\/vc_column][vc_column width=&#8221;1\/2&#8243;][\/vc_column][\/vc_row][vc_row full_width=&#8221;stretch_row&#8221; css=&#8221;.vc_custom_1487779284273{margin-top: -35px !important;margin-bottom: -40px !important;background-image: url(http:\/\/essentialkosmetik.de\/hu\/wp-content\/uploads\/2017\/01\/UMEDISPA_09-1.jpg?id=1112) !important;}&#8221;][vc_column][vc_cta h2=&#8221;K\u00e9szen \u00e1llsz a v\u00e1ltoz\u00e1sra? K\u00e9rj id\u0151pontot most!&#8221; h2_font_container=&#8221;font_size:38|color:%235f4563&#8243; h2_use_theme_fonts=&#8221;yes&#8221; shape=&#8221;square&#8221; style=&#8221;flat&#8221; add_button=&#8221;right&#8221; btn_title=&#8221;ID\u0150PONT FOGLAL\u00c1S&#8221; btn_style=&#8221;flat&#8221; btn_color=&#8221;white&#8221; use_custom_fonts_h2=&#8221;true&#8221; css=&#8221;.vc_custom_1575458287963{background-color: rgba(0,0,0,0.01) !important;*background-color: rgb(0,0,0) !important;}&#8221; btn_link=&#8221;url:http%3A%2F%2Fessentialkosmetik.de%2Fhu%2Fcontacts%2F|||&#8221;][\/vc_cta][\/vc_column][\/vc_row]\n","protected":false},"excerpt":{"rendered":"<p>[vc_row full_width=&#8221;stretch_row&#8221; equal_height=&#8221;yes&#8221; css=&#8221;.vc_custom_1487897717469{margin-top: -52px !important;padding-top: 70px !important;padding-bottom: 90px !important;background: #e4e4e4 url(http:\/\/essentialkosmetik.de\/hu\/wp-content\/uploads\/2017\/01\/UMEDISPA-bg84.jpg?id=1078) !important;background-position: center !important;background-repeat: no-repeat !important;background-size: cover !important;}&#8221;][vc_column width=&#8221;1\/2&#8243; css=&#8221;.vc_custom_1487733095111{padding-top: 30px !important;padding-bottom: 30px !important;}&#8221;][vc_column_text css=&#8221;.vc_custom_1570742142447{margin-bottom: 40px !important;}&#8221;] MAGAMR\u00d3L [\/vc_column_text][vc_column_text] Sok szeretettel k\u00f6sz\u00f6ntelek az Essential -skincare- Kosmetik oldal\u00e1n! R\u00f3ka Eszter vagyok, kozmetikus, aerobik- personal tr\u00e9ner, prevent\u00edv gerinctr\u00e9ner<\/p>\n","protected":false},"author":1,"featured_media":0,"parent":0,"menu_order":0,"comment_status":"closed","ping_status":"closed","template":"page-FullWidth.php","meta":{"footnotes":""},"class_list":["post-1480","page","type-page","status-publish","hentry"],"_links":{"self":[{"href":"https:\/\/essentialkosmetik.de\/hu\/wp-json\/wp\/v2\/pages\/1480","targetHints":{"allow":["GET"]}}],"collection":[{"href":"https:\/\/essentialkosmetik.de\/hu\/wp-json\/wp\/v2\/pages"}],"about":[{"href":"https:\/\/essentialkosmetik.de\/hu\/wp-json\/wp\/v2\/types\/page"}],"author":[{"embeddable":true,"href":"https:\/\/essentialkosmetik.de\/hu\/wp-json\/wp\/v2\/users\/1"}],"replies":[{"embeddable":true,"href":"https:\/\/essentialkosmetik.de\/hu\/wp-json\/wp\/v2\/comments?post=1480"}],"version-history":[{"count":5,"href":"https:\/\/essentialkosmetik.de\/hu\/wp-json\/wp\/v2\/pages\/1480\/revisions"}],"predecessor-version":[{"id":1670,"href":"https:\/\/essentialkosmetik.de\/hu\/wp-json\/wp\/v2\/pages\/1480\/revisions\/1670"}],"wp:attachment":[{"href":"https:\/\/essentialkosmetik.de\/hu\/wp-json\/wp\/v2\/media?parent=1480"}],"curies":[{"name":"wp","href":"https:\/\/api.w.org\/{rel}","templated":true}]}}