{"id":1481,"date":"2017-01-10T02:12:47","date_gmt":"2017-01-10T02:12:47","guid":{"rendered":"http:\/\/udesigntheme.com\/demos-for-export\/spa\/?page_id=41"},"modified":"2025-03-26T11:24:54","modified_gmt":"2025-03-26T10:24:54","slug":"kozmetikai-kezelesek","status":"publish","type":"page","link":"https:\/\/essentialkosmetik.de\/hu\/kozmetikai-kezelesek\/","title":{"rendered":"KEZEL\u00c9SEK"},"content":{"rendered":"[vc_row][vc_column][vc_column_text]\n<h3 style=\"margin: 35px 0px 1px; text-align: center; font-size: 44px; color: #6e5572;\">KOZMETIKAI KEZEL\u00c9SEK<\/h3>\n<h6 style=\"margin: 1px 0px 30px; text-align: center;\">&#8222;k\u00fcls\u00f6nk a test \u00e9s l\u00e9lek t\u00fckre, ez\u00e9rt ha sz\u00e9ps\u00e9gre v\u00e1gyunk mindkett\u00f6t \u00e1polni kell&#8221;<\/h6>\n[\/vc_column_text][vc_column_text]\n<div style=\"margin: 0px 0px 80px; text-align: center; color: #777777;\">K\u00fcl\u00f6nb\u00f6z\u0151 term\u00e9szetes hat\u00f3anyagokat \u00e9s n\u00f6v\u00e9nyi komplexeket haszn\u00e1lok a b\u0151r egyedis\u00e9g\u00e9nek megfelel\u0151en. A kezel\u00e9sek sor\u00e1n a s\u00e9r\u00fclt szerkezet\u0171 b\u0151r regener\u00e1l\u00f3dik \u00e9s harmoniz\u00e1l\u00f3dik a 100%-ban organikus eredet\u0171 \u00e9s magas hat\u00f3anyag tartalm\u00fa kozmetikumok seg\u00edts\u00e9g\u00e9vel.<\/div>\n[\/vc_column_text][\/vc_column][\/vc_row][vc_section full_width=&#8221;stretch_row&#8221; css=&#8221;.vc_custom_1487967779846{background-color: #f6f2f7 !important;}&#8221;][vc_row equal_height=&#8221;yes&#8221; css=&#8221;.vc_custom_1487970422443{padding-top: 60px !important;padding-bottom: 60px !important;}&#8221;][vc_column][vc_row_inner equal_height=&#8221;yes&#8221; content_placement=&#8221;middle&#8221;][vc_column_inner width=&#8221;1\/3&#8243;][vc_single_image image=&#8221;1288&#8243; img_size=&#8221;full&#8221;][\/vc_column_inner][vc_column_inner width=&#8221;2\/3&#8243; css=&#8221;.vc_custom_1487970483292{padding-left: 40px !important;}&#8221;][vc_column_text]\n<h3 style=\"text-align: center; color: #5e4363;\">KREAT\u00cdV NATUR ARCKEZEL\u00c9SEK<\/h3>\n[\/vc_column_text][vc_separator color=&#8221;mulled_wine&#8221; style=&#8221;dotted&#8221;][vc_column_text css=&#8221;.vc_custom_1573745273481{padding-bottom: 10px !important;}&#8221;]A term\u00e9szetes hat\u00f3anyag tartalm\u00fa kozmetikumok val\u00f3di probl\u00e9m\u00e1kat kezelnek hat\u00e9konyan \u00e9s b\u0151rirrit\u00e1ci\u00f3 mentesen! A kreat\u00edv \u00e9s szem\u00e9lyre szabott kezel\u00e9sek a term\u00e9szet kincseivel sz\u00e9p \u00e9s eg\u00e9szs\u00e9ges b\u0151rt var\u00e1zsolnak. A sejtk\u00f6zi \u00e1llom\u00e1ny -extracellul\u00e1ris m\u00e1trix- v\u00e1z szerepet l\u00e1t el, amelyben elhelyezkednek a sejtek. Az \u00e1llom\u00e1ny apr\u00f3 kollag\u00e9n rostokb\u00f3l \u00e9p\u00fcl fel, amelyeket a k\u00f6t\u0151sz\u00f6vetben l\u00e9v\u0151 fibroblaszt sejtek termelnek. A b\u0151r \u00f6reged\u00e9sekor ez az \u00e1llom\u00e1ny t\u00f6redezett\u00e9 v\u00e1lik, \u00edgy a sejtek elvesz\u00edtik a v\u00e1zzal val\u00f3 szoros kapcsolatukat. Rendszeress\u00e9ggel, tudatoss\u00e1ggal ezen v\u00e1ltoztathatunk.[\/vc_column_text][vc_toggle title=&#8221;KOZMETIKAI KIS KEZEL\u00c9SEK&#8221; el_id=&#8221;1487966900294-021b0627-fc47&#8243;]\n<p><strong>Soul massz\u00e1zs<\/strong><\/p>\n<p>Speci\u00e1lis l\u00e9lekemel\u0151 pihentet\u0151 massz\u00e1zs, ter\u00e1pi\u00e1s ill\u00f3olajokkal az adott b\u0151rt\u00edpusra, \u00e9s l\u00e9lek\u00e1llapotra. A relax\u00e1ci\u00f3s energia oldja a testi \u00e9s lelki fesz\u00fclts\u00e9geket, \u00f6sszehangolja a csakr\u00e1k m\u0171k\u00f6d\u00e9s\u00e9t, teljes testi-lelki-szellemi harm\u00f3ni\u00e1t adva. A megfelel\u0151 l\u00e9gz\u00e9s \u00e9s figyelem olyan agyhull\u00e1mokat gener\u00e1l, aminek hat\u00e1s\u00e1ra a b\u0151r finomm\u00e1 \u00e9s b\u00e1rsonyoss\u00e1 v\u00e1lik, lelassulnak az \u00f6reged\u00e9si folyamatok \u00e9s a b\u0151r \u00fajra k\u00e9pes regener\u00e1lni \u00f6nmag\u00e1t.<\/p>\n<p style=\"text-align: right;\"><strong>55Euro<\/strong><\/p>\n<div class=\"divider\"><\/div><strong>Sensitive Skin<\/strong><\/p>\n<p>\u00c9rz\u00e9keny, sz\u00e1raz, rosace\u00e1s, b\u0151r regener\u00e1l\u00f3 hat\u00f3anyag \u00e9s vitaminp\u00f3tl\u00e1sa. A kezel\u00e9s l\u00e9p\u00e9sei: a b\u0151r gyeng\u00e9d letiszt\u00edt\u00e1s\u00e1t a h\u00e1mlaszt\u00e1s k\u00f6veti, majd a regener\u00e1l\u00f3 hat\u00f3anyagokban gazdag pakol\u00e1s \u00e1polja nyugtatja a b\u0151rt.<\/p>\n<p style=\"text-align: right;\"><strong>55Euro<\/strong><\/p>\n<div class=\"divider\"><\/div><strong>Basic Therapy<\/strong><\/p>\n<p>Szomjaz\u00f3, sz\u00e1raz b\u0151r t\u00e1pl\u00e1l\u00f3 hat\u00f3anyag \u00e9s vitaminp\u00f3tl\u00e1sa, hidrat\u00e1l\u00e1sa. A massz\u00e1zs \u00e1ltal mozg\u00f3s\u00edtott sejtek \u00e9s sz\u00f6vetek hat\u00e9kony m\u0171k\u00f6d\u00e9sre serkentik a b\u0151r tart\u00f3szerkezet\u00e9t, ez\u00e1ltal feszesebb\u00e9 \u00e9s kont\u00farosabb\u00e1 v\u00e1lik. B\u0151rt\u00edpusnak megfelel\u0151 gyeng\u00e9d tiszt\u00edt\u00e1s, h\u00e1mlaszt\u00e1s, hat\u00f3anyagokban gazdag pakol\u00e1s, szem\u00f6ld\u00f6k form\u00e1z\u00e1s, massz\u00e1zs arcon nyakon dekolt\u00e1zson.<\/p>\n<p style=\"text-align: right;\"><strong>65Euro<\/strong><\/p>\n[\/vc_toggle][vc_toggle title=&#8221;KOZMETIKAI NAGY KEZEL\u00c9SEK&#8221; el_id=&#8221;1487967489753-87c11dce-c2e5&#8243;]\n<p><strong>Klassik kozmetikai arckezel\u00e9s<\/strong><\/p>\n<p>Aj\u00e1nlom ezt a kezel\u00e9st teenager kor\u00fa vend\u00e9geimnek!<br \/>\nA kezel\u00e9s f\u0151 c\u00e9lja a b\u0151r szabad l\u00e9gz\u00e9s\u00e9nek biztos\u00edt\u00e1sa \u2013 p\u00f3rustiszt\u00edt\u00e1s \u00e9s a faggy\u00famirigyek m\u0171k\u00f6d\u00e9s\u00e9nek normaliz\u00e1l\u00e1sa. Tartalmazza a b\u0151r szakszer\u0171 el\u0151k\u00e9sz\u00edt\u00e9s\u00e9t (letiszt\u00edt\u00e1s, h\u00e1mlaszt\u00e1s, toniz\u00e1l\u00e1s, felpuh\u00edt\u00e1s g\u0151zzel), p\u00f3rustiszt\u00edt\u00e1s\u00e1t, vio kezel\u00e9s\u00e9t, t\u00e1pl\u00e1l\u00e1s\u00e1t.<\/p>\n<p style=\"text-align: right;\"><strong>75Euro<\/strong><\/p>\n<div class=\"divider\"><\/div><strong>Intensiv kozmetikai arckezel\u00e9s<\/strong><\/p>\n<p>M\u00e9lyre hat\u00f3, intenz\u00edv b\u0151rfelt\u00f6lt\u00e9s anti-ageing kezel\u00e9s, p\u00f3rustiszt\u00edt\u00e1s n\u00e9lk\u00fcl. Az intenz\u00edv hat\u00f3anyag bevitel, finom\u00edtja az apr\u00f3 vonalakat \u00e9s r\u00e1ncokat. A massz\u00e1zs hat\u00e9konyan t\u00e1mogatja az arc tart\u00f3sz\u00f6veteinek m\u0171k\u00f6d\u00e9s\u00e9t. A kezel\u00e9s l\u00e9p\u00e9sei, a b\u0151r letiszt\u00edt\u00e1s\u00e1t a h\u00e1mlaszt\u00e1s k\u00f6veti majd magas hat\u00f3anyag tartalm\u00fa komplexek bejuttat\u00e1sa k\u00f6vetkezik a b\u0151r m\u00e9lyebb r\u00e9tegeibe. Ezt k\u00f6veti egy relax\u00e1l\u00f3 l\u00e9lekemel\u0151 massz\u00e1zs arcon nyakon dekolt\u00e1zson.<\/p>\n<p style=\"text-align: right;\"><strong>85Euro<\/strong><\/p>\n<div class=\"divider\"><\/div><strong>Exclusive kozmetikai arckezel\u00e9s<\/strong><\/p>\n<p>A m\u00e9ly tiszt\u00edt\u00e1s, p\u00f3rustiszt\u00edt\u00e1s mellett kiemelked\u0151 szerepet kap a b\u0151rfelt\u00f6lt\u00e9se \u00e9s a szem k\u00f6rny\u00e9k\u00e9nek \u00e1pol\u00e1sa. Egy igaz\u00e1n tartalmas, a b\u0151r funkci\u00f3it t\u00e1mogat\u00f3 kezel\u00e9s ez, mellyel igaz\u00e1n eredm\u00e9nyes egyens\u00falyi \u00e1llapot hozhat\u00f3 l\u00e9tre a b\u0151rben rendszeress\u00e9ggel.<br \/>\nA kezel\u00e9s menete, a b\u0151r letiszt\u00edt\u00e1sa ut\u00e1n egy sejtmeg\u00faj\u00edt\u00f3 h\u00e1mlaszt\u00e1s k\u00f6vetkezik. A b\u0151r felpuh\u00edt\u00e1sa, stressz mentes\u00edt\u00e9se g\u0151zzel \u00e9s massz\u00e1zzsal. Alapos p\u00f3rustiszt\u00edt\u00e1s, szem\u00f6ld\u00f6k form\u00e1z\u00e1s, \u00e9s fert\u0151tlen\u00edt\u00e9s ut\u00e1n b\u0151r t\u00edpusnak megfelel\u0151 hat\u00f3anyag komplex m\u00e9lyr\u00e9teg\u0171 bevitele \u00e9s egy t\u00e1pl\u00e1l\u00f3 pakol\u00e1s z\u00e1rja.<\/p>\n<p style=\"text-align: right;\"><strong>95Euro<\/strong><\/p>\n[\/vc_toggle][vc_toggle title=&#8221;F\u00c9RFI KOZMETIKA&#8221; el_id=&#8221;1487967505982-ac214b44-6da7&#8243;]\n[vc_column_text css=&#8221;.vc_custom_1573745273481{padding-bottom: 10px !important;}&#8221;]A f\u00e9rfiak b\u0151re ugyan\u00fagy ig\u00e9nyli a rendszeres \u00e1pol\u00e1st, mint a n\u0151k\u00e9. Aj\u00e1nlatok, kifejezetten a f\u00e9rfiak ig\u00e9nyeihez igaz\u00edtva.[\/vc_column_text]\n<strong>Jin arckezel\u00e9s<\/strong><br \/>\n\u201ebefogad\u00f3 \u00e9s pihentet\u0151\u201d<br \/>\nB\u0151rt\u00edpusnak megfelel\u0151 szakszer\u0171 el\u0151k\u00e9sz\u00edt\u00e9s (letiszt\u00edt\u00e1s, peeling, toniz\u00e1l\u00e1s), intenz\u00edv hat\u00f3anyag komplex, massz\u00e1zs.<\/p>\n<p style=\"text-align: right;\"><strong>65Euro<\/strong><\/p>\n<div class=\"divider\"><\/div><strong>Jang arckezel\u00e9s<\/strong><br \/>\n\u201eki\u00e1rad\u00f3 \u00e9s hat\u00e9kony\u201d<br \/>\nTartalmazza a b\u0151r letiszt\u00edt\u00e1s\u00e1t, koptat\u00e1s\u00e1t (mechanikai, k\u00e9miai, biol\u00f3giai peelingek), felpuh\u00edt\u00e1s\u00e1t (g\u0151z, massz\u00e1zs), p\u00f3rustiszt\u00edt\u00e1s\u00e1t, intenz\u00edv hidrat\u00e1l\u00e1s\u00e1t, t\u00e1pl\u00e1l\u00e1s\u00e1t.<\/p>\n<p style=\"text-align: right;\"><strong>75Euro<\/strong><\/p>\n<div class=\"divider\"><\/div><strong>Sz\u0151rtelen\u00edt\u00e9s WAX-al<\/strong><br \/>\nA f\u00e9rfiak k\u00f6r\u00e9ben is term\u00e9szetes ig\u00e9ny a k\u00fcl\u00f6nb\u00f6z\u0151 testt\u00e1jak sz\u0151rtelen\u00edt\u00e9se. Az eszt\u00e9tikai \u00e9lm\u00e9ny mellett a higi\u00e9n\u00e9s el\u0151nye is igen nagy. A szem\u00f6ld\u00f6k szed\u00e9se, m\u00e9rt\u00e9kletesen, \u00edzl\u00e9ssel elv\u00e9gzett igaz\u00edt\u00e1sa, \u00edv\u00e9nek alak\u00edt\u00e1sa megv\u00e1ltoztatja az arc karakter\u00e9t. K\u00f6zkedvelt a h\u00f3nalj, a mellkas, has \u00e9s a h\u00e1t sz\u0151rzet\u00e9nek elt\u00e1vol\u00edt\u00e1sa.<\/p>\n[\/vc_toggle][\/vc_column_inner][\/vc_row_inner][\/vc_column][\/vc_row][\/vc_section][vc_section full_width=&#8221;stretch_row&#8221; css=&#8221;.vc_custom_1487967779846{background-color: #f6f2f7 !important;}&#8221;][vc_row equal_height=&#8221;yes&#8221; css=&#8221;.vc_custom_1487970538482{padding-top: 60px !important;padding-bottom: 60px !important;}&#8221;][vc_column][vc_row_inner equal_height=&#8221;yes&#8221; content_placement=&#8221;middle&#8221;][vc_column_inner width=&#8221;1\/3&#8243;][vc_single_image image=&#8221;1287&#8243; img_size=&#8221;full&#8221;][\/vc_column_inner][vc_column_inner width=&#8221;2\/3&#8243; css=&#8221;.vc_custom_1487970938802{padding-left: 40px !important;}&#8221;][vc_column_text]\n<h3 style=\"text-align: center; color: #5e4363;\">SZEMPILLA \u00c9S SZEM\u00d6LD\u00d6K FEST\u00c9S TERM\u00c9SZETESEN<\/h3>\n[\/vc_column_text][vc_separator color=&#8221;mulled_wine&#8221; style=&#8221;dotted&#8221;][vc_column_text css=&#8221;.vc_custom_1573745401783{padding-bottom: 10px !important;}&#8221;]Az Intensive fest\u00e9kek term\u00e9szetes, szerves \u00f6sszetev\u0151i gyeng\u00e9d \u00e1pol\u00e1ssal, tart\u00f3san sz\u00ednezik a szempill\u00e1kat \u00e9s szem\u00f6ld\u00f6k\u00f6t.<br \/>\nB\u0151rbar\u00e1t, allerg\u00e9n anyagokt\u00f3l mentesek, ez\u00e9rt allergi\u00e1sok is biztons\u00e1gosan haszn\u00e1lhatj\u00e1k.[\/vc_column_text][vc_toggle title=&#8221;Szem\u00f6ld\u00f6k form\u00e1z\u00e1s&#8221; el_id=&#8221;1487969191062-5b2773d1-feba&#8221;]\n<p style=\"text-align: left;\">Letiszt\u00edt\u00e1s t\u00e1pl\u00e1l\u00f3 \u00e9s b\u0151rbar\u00e1t k\u00e9sz\u00edtm\u00e9nnyel, mely el\u0151k\u00e9sz\u00edti \u00e9s kondicion\u00e1lja a b\u0151rt \u00e9s a sz\u0151rt egyar\u00e1nt. Majd ha megvan a forma, akkor tartalmat adunk neki gy\u00f6ny\u00f6r\u0171 \u00e9s term\u00e9szetes sz\u00ednekkel.<\/p>\n<p style=\"text-align: right;\"><strong>15Euro<\/strong><\/p>\n[\/vc_toggle][vc_toggle title=&#8221;Szem\u00f6ld\u00f6k fest\u00e9s&#8221; el_id=&#8221;1487969191181-efd4163e-3ff0&#8243;]Nyolc gy\u00f6ny\u00f6r\u0171 sz\u00edn\u00e1rnyalat k\u00f6zt hideg \u00e9s meleg t\u00f3nusok is megtal\u00e1lhat\u00f3ak. A rendszeres fest\u00e9s \u00f6szt\u00f6nzi a sz\u0151rsz\u00e1lak n\u00f6veked\u00e9s\u00e9t, \u00edgy a szem\u00f6ld\u00f6ksz\u00e1lak s\u0171r\u0171s\u00f6dnek. Ezen k\u00fcl\u00f6nleges fest\u00e9si elj\u00e1r\u00e1s term\u00e9szetes, m\u00e9gis kifejez\u0151bb szem\u00f6ld\u00f6k\u00f6t eredm\u00e9nyez.<\/p>\n<p style=\"text-align: right;\"><strong>15Euro<\/strong><\/p>\n[\/vc_toggle][vc_toggle title=&#8221;Szempilla fest\u00e9s&#8221; el_id=&#8221;1487969190947-ce7e069f-792c&#8221;]Egyed\u00fcl\u00e1ll\u00f3 saj\u00e1t formul\u00e1val rendelkez\u0151 fest\u00e9k, mely nem tartalmaz oxid\u00e1l\u00f3szert, \u00f3lom \u00e9s amm\u00f3nia mentes, m\u00e9gis tart\u00f3sabb b\u00e1rmely fest\u00e9si elj\u00e1r\u00e1sn\u00e1l. Regener\u00e1lja \u00e9s n\u00f6veked\u00e9sre serkenti a megritkult fak\u00f3 pill\u00e1kat.<\/p>\n<p style=\"text-align: right;\"><strong>15Euro<\/strong><\/p>\n[\/vc_toggle][\/vc_column_inner][\/vc_row_inner][\/vc_column][\/vc_row][\/vc_section][vc_section full_width=&#8221;stretch_row&#8221;][vc_row equal_height=&#8221;yes&#8221; css=&#8221;.vc_custom_1487970545814{padding-top: 60px !important;padding-bottom: 60px !important;}&#8221;][vc_column][vc_row_inner equal_height=&#8221;yes&#8221; content_placement=&#8221;middle&#8221;][vc_column_inner width=&#8221;1\/3&#8243;][vc_single_image image=&#8221;1286&#8243; img_size=&#8221;full&#8221;][\/vc_column_inner][vc_column_inner width=&#8221;2\/3&#8243; css=&#8221;.vc_custom_1487971039402{padding-left: 40px !important;}&#8221;][vc_column_text]\n<h3 style=\"text-align: center; color: #5e4363;\">WAXING<\/h3>\n[\/vc_column_text][vc_separator color=&#8221;mulled_wine&#8221; style=&#8221;dotted&#8221;][vc_column_text css=&#8221;.vc_custom_1573653262070{padding-bottom: 10px !important;}&#8221;]A wax rugalmass\u00e1g\u00e1nak \u00e9s term\u00e9szetes \u00f6sszetev\u0151inek k\u00f6sz\u00f6nhet\u0151en k\u00edm\u00e9letesen t\u00e1vol\u00edtja el a sz\u0151rsz\u00e1lakat a test b\u00e1rmely r\u00e9sz\u00e9r\u0151l. Tart\u00f3s alkalmaz\u00e1sa sor\u00e1n sima \u00e9s puha b\u0151r az eredm\u00e9ny.[\/vc_column_text][vc_toggle title=&#8221;Wax kezel\u00e9s, t\u00f6k\u00e9letes minden ter\u00fcletre&#8221; el_id=&#8221;1487968742994-ad89b271-dbaa&#8221;]A sima \u00e9s sz\u00e9p b\u0151r a jelenlegi \u00e1ltal\u00e1nos sz\u00e9ps\u00e9gide\u00e1lhoz tartozik, \u00e9s sokak sz\u00e1m\u00e1ra a test\u00e1pol\u00e1s szerves r\u00e9sze.<br \/>\nA wax egy alapos, hat\u00e9kony \u00e9s gyors m\u00f3dszer a sz\u0151relt\u00e1vol\u00edt\u00e1sra. Nem allergiz\u00e1l, extra rugalmass\u00e1g jellemzi, a legkisebb sz\u0151rsz\u00e1lakat maxim\u00e1lisan elt\u00e1vol\u00edtja minim\u00e1lis f\u00e1jdalom \u00e9rzet mellett. Nagy el\u0151nye m\u00e9g, hogy jelent\u0151sen cs\u00f6kkentik \u00e9s lass\u00edtj\u00e1k a sz\u0151rsz\u00e1lak \u00fajb\u00f3li megjelen\u00e9s\u00e9t. A gyant\u00e1z\u00e1s kieg\u00e9sz\u00edt\u0151 \u00e1pol\u00f3i a legjobb term\u00e9szetes eredet\u0171 \u00f6sszetev\u0151kb\u0151l k\u00e9sz\u00fclnek, amelyek felk\u00e9sz\u00edtik a b\u0151rt a gyant\u00e1z\u00e1sra, majd a b\u0151r nyugtat\u00e1s\u00e1t \u00e9s egyed\u00fcl\u00e1ll\u00f3 t\u00e1pl\u00e1l\u00e1s\u00e1t biztos\u00edtj\u00e1k.[\/vc_toggle][vc_toggle title=&#8221;El\u0151 &#8211; &amp; ut\u00f3\u00e1pol\u00e1s&#8221; el_id=&#8221;1487968743091-c89cc26c-e38e&#8221;]Sajnos a gyant\u00e1z\u00e1s nem teljesen f\u00e1jdalommentes, mivel a sz\u0151rsz\u00e1lak gy\u00f6kerest\u0151l vannak elt\u00e1vol\u00edtva . Annak \u00e9rdek\u00e9ben, hogy a kezel\u00e9s a lehet\u0151 legkellemesebb legyen, el\u0151kezel\u0151 g\u00e9llel dolgozom, amely v\u00e9d\u0151 r\u00e9teget hoz l\u00e9tre a b\u0151r \u00e9s a wax k\u00f6z\u00f6tt. Ez a v\u00e9d\u0151r\u00e9teg megakad\u00e1lyozza, hogy a wax tapadjon a b\u0151rh\u00f6z, \u00e9s felemelve irrit\u00e1lja a b\u0151rt.<br \/>\nA kis b\u0151rirrit\u00e1ci\u00f3, amely 24 \u00f3ra eltelt\u00e9vel megsz\u0171nik, norm\u00e1lis a waxol\u00e1s eset\u00e9n. Kezel\u00e9s ut\u00e1n 12\u201324 \u00f3r\u00e1val figyelj\u00fcnk a k\u00f6vetkez\u0151kre: ker\u00fclj\u00fck a szaun\u00e1t\/ szol\u00e1riumot\/k\u00f6z\u00f6s f\u00fcrd\u0151t\/uszod\u00e1t. Nem aj\u00e1nlott a forr\u00f3 zuhanyz\u00e1s \u00e9s az irrit\u00e1l\u00f3 kozmetikumok (dezodor,parf\u00fcm)haszn\u00e1lata sem.A kezel\u00e9s ut\u00e1n 3-5 nappal aj\u00e1nlott a rendszeres peeling. Ez elt\u00e1vol\u00edtja az elhalt b\u0151rsejteket \u00e9s megakad\u00e1lyozza a sz\u0151rsz\u00e1lak ben\u00f6v\u00e9s\u00e9t.[\/vc_toggle][vc_toggle title=&#8221;Wax \u00e1rak&#8221;]\n<div class=\"one_half\">Szem\u00f6ld\u00f6k <strong>15\u00a0Euro<\/strong><\/div> <div class=\"one_half last_column\">Bajusz <strong>10 Euro<\/strong><\/div>\n<div class=\"one_half\">\u00c1ll <strong>15 Euro<\/strong><\/div> <div class=\"one_half last_column\">Arc <strong>20 Euro<\/strong><\/div>\n<div class=\"one_half\">Kar <strong>25 Euro<\/strong><\/div> <div class=\"one_half last_column\">H\u00f3nalj <strong>20 Euro<\/strong><\/div>\n<div class=\"one_half\">Bikinivonal <strong>25 Euro<\/strong><\/div> <div class=\"one_half last_column\">Intim <strong>55 Euro<\/strong><\/div>\n<div class=\"one_half\">V\u00e9gig l\u00e1b <strong>60 Euro<\/strong><\/div> <div class=\"one_half last_column\">T\u00e9rdig l\u00e1b <strong>30 Euro<\/strong><\/div>\n<div class=\"one_half\">Comb <strong>30Euro<\/strong><\/div> <div class=\"one_half last_column\">H\u00e1t <strong>60 Euro<\/strong><\/div>\n<div class=\"one_half\">Has <strong>30Euro<\/strong><\/div> <div class=\"one_half last_column\">V\u00e1ll <strong>20 Euro<\/strong><\/div>\n<div class=\"one_half last_column\">Mellkas<strong>30 Euro<\/strong><\/div>\n[\/vc_toggle][\/vc_column_inner][\/vc_row_inner][\/vc_column][\/vc_row][\/vc_section]\n","protected":false},"excerpt":{"rendered":"<p>[vc_row][vc_column][vc_column_text] KOZMETIKAI KEZEL\u00c9SEK &#8222;k\u00fcls\u00f6nk a test \u00e9s l\u00e9lek t\u00fckre, ez\u00e9rt ha sz\u00e9ps\u00e9gre v\u00e1gyunk mindkett\u00f6t \u00e1polni kell&#8221; [\/vc_column_text][vc_column_text] K\u00fcl\u00f6nb\u00f6z\u0151 term\u00e9szetes hat\u00f3anyagokat \u00e9s n\u00f6v\u00e9nyi komplexeket haszn\u00e1lok a b\u0151r egyedis\u00e9g\u00e9nek megfelel\u0151en. A kezel\u00e9sek sor\u00e1n a s\u00e9r\u00fclt szerkezet\u0171 b\u0151r regener\u00e1l\u00f3dik \u00e9s harmoniz\u00e1l\u00f3dik a 100%-ban organikus eredet\u0171 \u00e9s magas hat\u00f3anyag tartalm\u00fa kozmetikumok<\/p>\n","protected":false},"author":1,"featured_media":0,"parent":0,"menu_order":0,"comment_status":"closed","ping_status":"closed","template":"page-FullWidth.php","meta":{"footnotes":""},"class_list":["post-1481","page","type-page","status-publish","hentry"],"_links":{"self":[{"href":"https:\/\/essentialkosmetik.de\/hu\/wp-json\/wp\/v2\/pages\/1481","targetHints":{"allow":["GET"]}}],"collection":[{"href":"https:\/\/essentialkosmetik.de\/hu\/wp-json\/wp\/v2\/pages"}],"about":[{"href":"https:\/\/essentialkosmetik.de\/hu\/wp-json\/wp\/v2\/types\/page"}],"author":[{"embeddable":true,"href":"https:\/\/essentialkosmetik.de\/hu\/wp-json\/wp\/v2\/users\/1"}],"replies":[{"embeddable":true,"href":"https:\/\/essentialkosmetik.de\/hu\/wp-json\/wp\/v2\/comments?post=1481"}],"version-history":[{"count":54,"href":"https:\/\/essentialkosmetik.de\/hu\/wp-json\/wp\/v2\/pages\/1481\/revisions"}],"predecessor-version":[{"id":1700,"href":"https:\/\/essentialkosmetik.de\/hu\/wp-json\/wp\/v2\/pages\/1481\/revisions\/1700"}],"wp:attachment":[{"href":"https:\/\/essentialkosmetik.de\/hu\/wp-json\/wp\/v2\/media?parent=1481"}],"curies":[{"name":"wp","href":"https:\/\/api.w.org\/{rel}","templated":true}]}}