{"id":1487,"date":"2017-01-10T02:15:08","date_gmt":"2017-01-10T02:15:08","guid":{"rendered":"http:\/\/udesigntheme.com\/demos-for-export\/spa\/?page_id=53"},"modified":"2019-12-06T00:52:15","modified_gmt":"2019-12-05T23:52:15","slug":"contacts","status":"publish","type":"page","link":"https:\/\/essentialkosmetik.de\/hu\/contacts\/","title":{"rendered":"KONTAKT"},"content":{"rendered":"[vc_section full_width=&#8221;stretch_row_content&#8221; css=&#8221;.vc_custom_1487899084060{margin-top: -40px !important;}&#8221;][vc_row][vc_column][vc_gmaps link=&#8221;#E-8_JTNDaWZyYW1lJTIwc3JjJTNEJTIyaHR0cHMlM0ElMkYlMkZ3d3cuZ29vZ2xlLmNvbSUyRm1hcHMlMkZlbWJlZCUzRnBiJTNEJTIxMW0xNCUyMTFtOCUyMTFtMyUyMTFkMTA3MzYuNzI5MDYxMTA3ODQlMjEyZDEyLjg3MzcwNTQlMjEzZDQ3LjcxOTcxMTUlMjEzbTIlMjExaTEwMjQlMjEyaTc2OCUyMTRmMTMuMSUyMTNtMyUyMTFtMiUyMTFzMHgwJTI1M0EweGQ4YjY2ODk2MmRkOGIwMDUlMjEyc0Vzc2VudGlhbCUyNTIwS29zbWV0aWslMjE1ZTAlMjEzbTIlMjExc2RlJTIxMnNkZSUyMTR2MTU3NTU1NzU5NDcxOSUyMTVtMiUyMTFzZGUlMjEyc2RlJTIyJTIwd2lkdGglM0QlMjI2MDAlMjIlMjBoZWlnaHQlM0QlMjI0NTAlMjIlMjBmcmFtZWJvcmRlciUzRCUyMjAlMjIlMjBzdHlsZSUzRCUyMmJvcmRlciUzQTAlM0IlMjIlMjBhbGxvd2Z1bGxzY3JlZW4lM0QlMjIlMjIlM0UlM0MlMkZpZnJhbWUlM0U=&#8221;][\/vc_column][\/vc_row][\/vc_section][vc_row][vc_column][vc_column_text]\n<h3 style=\"margin: 45px 0 1px; font-size: 44px; color: #6e5572;\">K\u00c9RD\u00c9SED VAN?<\/h3>\n<h6 style=\"margin: 1px 0 40px;\">Vedd fel velem b\u00e1tran a kapcsolatot telefonon, mailen, vagy ak\u00e1r az al\u00e1bbi mez\u00f6k kit\u00f6lt\u00e9s\u00e9vel!<\/h6>\n[\/vc_column_text][\/vc_column][\/vc_row]\n","protected":false},"excerpt":{"rendered":"<p>[vc_section full_width=&#8221;stretch_row_content&#8221; css=&#8221;.vc_custom_1487899084060{margin-top: -40px !important;}&#8221;][vc_row][vc_column][vc_gmaps link=&#8221;#E-8_JTNDaWZyYW1lJTIwc3JjJTNEJTIyaHR0cHMlM0ElMkYlMkZ3d3cuZ29vZ2xlLmNvbSUyRm1hcHMlMkZlbWJlZCUzRnBiJTNEJTIxMW0xNCUyMTFtOCUyMTFtMyUyMTFkMTA3MzYuNzI5MDYxMTA3ODQlMjEyZDEyLjg3MzcwNTQlMjEzZDQ3LjcxOTcxMTUlMjEzbTIlMjExaTEwMjQlMjEyaTc2OCUyMTRmMTMuMSUyMTNtMyUyMTFtMiUyMTFzMHgwJTI1M0EweGQ4YjY2ODk2MmRkOGIwMDUlMjEyc0Vzc2VudGlhbCUyNTIwS29zbWV0aWslMjE1ZTAlMjEzbTIlMjExc2RlJTIxMnNkZSUyMTR2MTU3NTU1NzU5NDcxOSUyMTVtMiUyMTFzZGUlMjEyc2RlJTIyJTIwd2lkdGglM0QlMjI2MDAlMjIlMjBoZWlnaHQlM0QlMjI0NTAlMjIlMjBmcmFtZWJvcmRlciUzRCUyMjAlMjIlMjBzdHlsZSUzRCUyMmJvcmRlciUzQTAlM0IlMjIlMjBhbGxvd2Z1bGxzY3JlZW4lM0QlMjIlMjIlM0UlM0MlMkZpZnJhbWUlM0U=&#8221;][\/vc_column][\/vc_row][\/vc_section][vc_row][vc_column][vc_column_text] K\u00c9RD\u00c9SED VAN? Vedd fel velem b\u00e1tran a kapcsolatot telefonon, mailen, vagy ak\u00e1r az al\u00e1bbi mez\u00f6k kit\u00f6lt\u00e9s\u00e9vel! [\/vc_column_text][\/vc_column][\/vc_row]<\/p>\n","protected":false},"author":1,"featured_media":0,"parent":0,"menu_order":0,"comment_status":"closed","ping_status":"closed","template":"page-Contact.php","meta":{"footnotes":""},"class_list":["post-1487","page","type-page","status-publish","hentry"],"_links":{"self":[{"href":"https:\/\/essentialkosmetik.de\/hu\/wp-json\/wp\/v2\/pages\/1487","targetHints":{"allow":["GET"]}}],"collection":[{"href":"https:\/\/essentialkosmetik.de\/hu\/wp-json\/wp\/v2\/pages"}],"about":[{"href":"https:\/\/essentialkosmetik.de\/hu\/wp-json\/wp\/v2\/types\/page"}],"author":[{"embeddable":true,"href":"https:\/\/essentialkosmetik.de\/hu\/wp-json\/wp\/v2\/users\/1"}],"replies":[{"embeddable":true,"href":"https:\/\/essentialkosmetik.de\/hu\/wp-json\/wp\/v2\/comments?post=1487"}],"version-history":[{"count":4,"href":"https:\/\/essentialkosmetik.de\/hu\/wp-json\/wp\/v2\/pages\/1487\/revisions"}],"predecessor-version":[{"id":1514,"href":"https:\/\/essentialkosmetik.de\/hu\/wp-json\/wp\/v2\/pages\/1487\/revisions\/1514"}],"wp:attachment":[{"href":"https:\/\/essentialkosmetik.de\/hu\/wp-json\/wp\/v2\/media?parent=1487"}],"curies":[{"name":"wp","href":"https:\/\/api.w.org\/{rel}","templated":true}]}}