{"id":1618,"date":"2020-10-06T14:19:46","date_gmt":"2020-10-06T12:19:46","guid":{"rendered":"https:\/\/essentialkosmetik.de\/hu\/?page_id=1618"},"modified":"2025-03-26T11:27:00","modified_gmt":"2025-03-26T10:27:00","slug":"1618-2","status":"publish","type":"page","link":"https:\/\/essentialkosmetik.de\/hu\/","title":{"rendered":"Home"},"content":{"rendered":"[vc_row full_width=&#8221;stretch_row&#8221; equal_height=&#8221;yes&#8221; bg_type=&#8221;image&#8221; parallax_style=&#8221;vcpb-default&#8221; bg_image_new=&#8221;id^368|url^http:\/\/essentialkosmetik.de\/hu\/wp-content\/uploads\/2017\/01\/MEDISPA_SLIDER4.jpg|caption^null|alt^null|title^MEDISPA_SLIDER4|description^null&#8221; bg_image_repeat=&#8221;no-repeat&#8221; css=&#8221;.vc_custom_1487636340364{padding-top: 40px !important;padding-bottom: 80px !important;background-image: url(http:\/\/essentialkosmetik.de\/hu\/wp-content\/uploads\/2017\/01\/MEDISPA_SLIDER03.jpg?id=1026) !important;background-position: center !important;background-repeat: no-repeat !important;background-size: cover !important;}&#8221;][vc_column width=&#8221;2\/3&#8243; css=&#8221;.vc_custom_1484100970608{margin-bottom: 30px !important;}&#8221;][vc_column_text css_animation=&#8221;slideInLeft&#8221;]\n<h3 style=\"margin: 15px 0 1px; font-size: 44px; color: #6e5572;\">Essential SkinCare Kosmetik<\/h3>\n<h6 style=\"margin: 1px 0 30px;\">kosmetik studio where you will feel unique and special<\/h6>\n[\/vc_column_text][vc_column_text css_animation=&#8221;slideInLeft&#8221;]\n<div style=\"margin: 0 0 30px 0; color: #777777;\">\n<p>Sz\u00e9ps\u00e9gre hangolva &#8230; term\u00e9szetesen\u2026<br \/>\nA term\u00e9szet esszenci\u00e1ja \u00fajj\u00e1\u00e9p\u00edti a b\u0151rt<\/p>\n<\/div>\n[\/vc_column_text][vc_column_text css_animation=&#8221;flipInX&#8221;]\n<div style=\"margin: 60px 0 20px;\"><a class=\"flat-custom-button align-btn-left\" href=\"http:\/\/essentialkosmetik.de\/hu\/kozmetikai-kezelesek\/\" title=\"KEZEL\u00c9SEK\"><span style=\"padding:10px 20px; background-color:#947A99; border:1px solid #947A99; color:#FFFFFF; font-size:13px;\">KEZEL\u00c9SEK<\/span><\/a> <a class=\"flat-custom-button align-btn-left\" href=\"http:\/\/essentialkosmetik.de\/hu\/magamrol\" title=\"ISMERJ MEG\"><span style=\"padding:10px 20px; background-color:#ffffff; border:1px solid #805F87; color:#805F87; font-size:13px;\">ISMERJ MEG<\/span><\/a><\/div>\n[\/vc_column_text][\/vc_column][vc_column width=&#8221;1\/3&#8243;][\/vc_column][\/vc_row][vc_row full_width=&#8221;stretch_row&#8221; css_animation=&#8221;none&#8221;][vc_column][vc_column_text css=&#8221;.vc_custom_1573679180054{margin-top: 50px !important;margin-bottom: 30px !important;}&#8221;]\n<h3 style=\"margin: 35px 0px 1px; text-align: center; font-size: 44px; color: #6e5572;\">Essential Skin Care Kosmetik<\/h3>\n<h6 style=\"margin: 1px 0px 30px; text-align: center;\">Time for beauty skin.<\/h6>\n[\/vc_column_text][vc_row_inner equal_height=&#8221;yes&#8221; css=&#8221;.vc_custom_1486344478887{background-color: #f3f0f4 !important;}&#8221;][vc_column_inner width=&#8221;1\/3&#8243;][vc_column_text css_animation=&#8221;slideInLeft&#8221; css=&#8221;.vc_custom_1575454972906{padding-top: 40px !important;padding-right: 60px !important;padding-bottom: 40px !important;padding-left: 60px !important;}&#8221;]\n<div style=\"text-align: center;\">\n<h4 style=\"margin: 1px 0 25px;\"><span style=\"color: #000000; font-size: 28px;\">&#8222;Soul massz\u00e1zs&#8221;<\/span><\/h4>\n<div style=\"margin: 0 0 30px 0;\"><span style=\"font-size: 13px; color: #000000;\">Er\u0151s\u00edtsd k\u00fcls\u0151 \u00e9s bels\u0151 sz\u00e9ps\u00e9gedet! Testi- lelki felfriss\u00fcl\u00e9s massz\u00e1zzsal hozz\u00e1\u00e9rt\u0151 kezek \u00e1ltal.<\/span><\/div>\n<\/div>\n<p style=\"text-align: center;\"><strong><a href=\"http:\/\/essentialkosmetik.de\/hu\/kozmetikai-kezelesek\/\">Tudj meg t\u00f6bbet!<\/a><\/strong><\/p>\n[\/vc_column_text][\/vc_column_inner][vc_column_inner width=&#8221;1\/3&#8243; css=&#8221;.vc_custom_1488991523561{padding-top: 100px !important;padding-right: 100px !important;padding-bottom: 100px !important;padding-left: 100px !important;background-image: url(http:\/\/essentialkosmetik.de\/hu\/wp-content\/uploads\/2017\/02\/gallery440x440-787.jpg?id=1007) !important;background-position: center !important;background-repeat: no-repeat !important;background-size: cover !important;}&#8221;][\/vc_column_inner][vc_column_inner width=&#8221;1\/3&#8243;][vc_column_text css_animation=&#8221;slideInRight&#8221; css=&#8221;.vc_custom_1575454998939{padding-top: 40px !important;padding-right: 60px !important;padding-bottom: 40px !important;padding-left: 60px !important;}&#8221;]\n<div style=\"text-align: center;\">\n<h4 style=\"margin: 1px 0 25px;\"><span style=\"color: #000000; font-size: 28px;\">&#8222;Love your age&#8221;<\/span><\/h4>\n<div style=\"margin: 0 0 30px 0;\"><span style=\"font-size: 13px; color: #000000;\">A b\u0151r \u00f6reged\u00e9s\u00e9n rendszeress\u00e9ggel \u00e9s tudatoss\u00e1ggal v\u00e1ltoztathatunk!<\/span><\/div>\n<\/div>\n<p style=\"text-align: center;\"><strong><a href=\"http:\/\/essentialkosmetik.de\/hu\/kozmetikai-kezelesek\/\">Tudj meg t\u00f6bbet!<\/a><\/strong><\/p>\n[\/vc_column_text][\/vc_column_inner][\/vc_row_inner][vc_row_inner equal_height=&#8221;yes&#8221; css=&#8221;.vc_custom_1485130981018{background-color: #f3f0f4 !important;}&#8221;][vc_column_inner width=&#8221;1\/3&#8243; css=&#8221;.vc_custom_1573647599681{padding-top: 100px !important;padding-right: 100px !important;padding-bottom: 100px !important;padding-left: 100px !important;background-image: url(http:\/\/essentialkosmetik.de\/hu\/wp-content\/uploads\/2017\/01\/spa-img75.jpg?id=1019) !important;background-position: center !important;background-repeat: no-repeat !important;background-size: cover !important;}&#8221;][\/vc_column_inner][vc_column_inner width=&#8221;1\/3&#8243;][vc_column_text css_animation=&#8221;flipInY&#8221; css=&#8221;.vc_custom_1573751532910{padding-top: 40px !important;padding-right: 60px !important;padding-bottom: 40px !important;padding-left: 60px !important;}&#8221;]\n<div style=\"text-align: center;\">\n<h4 style=\"margin: 1px 0 25px;\"><span style=\"color: #000000; font-size: 28px;\">F\u00e9rfi kozmetika<\/span><\/h4>\n<div style=\"margin: 0 0 30px 0;\"><span style=\"font-size: 13px; color: #000000;\">Aj\u00e1nlatok kifejezetten a f\u00e9rfiak ig\u00e9nyeihez igaz\u00edtva.<\/span><\/div>\n<\/div>\n<p style=\"text-align: center;\"><strong><a href=\"http:\/\/essentialkosmetik.de\/hu\/kozmetikai-kezelesek\/\">Tudj meg t\u00f6bbet!<\/a><\/strong><\/p>\n[\/vc_column_text][\/vc_column_inner][vc_column_inner width=&#8221;1\/3&#8243; css=&#8221;.vc_custom_1573647670122{padding-top: 100px !important;padding-right: 100px !important;padding-bottom: 100px !important;padding-left: 100px !important;background-image: url(https:\/\/essentialkosmetik.de\/hu\/wp-content\/uploads\/2021\/12\/Herren-Gesichtspflege.jpg) !important;background-position: center !important;background-repeat: no-repeat !important;background-size: cover !important;}&#8221;][\/vc_column_inner][\/vc_row_inner][\/vc_column][\/vc_row][vc_row css=&#8221;.vc_custom_1485135251366{margin-top: 100px !important;}&#8221;][vc_column][vc_column_text]\n<h3 style=\"margin: 35px 0px 1px; text-align: center; font-size: 44px; color: #6e5572;\">Kozmetikai szolg\u00e1ltat\u00e1sok<\/h3>\n<h6 style=\"margin: 1px 0px 30px; text-align: center;\">Sz\u00e9ps\u00e9g \u00e9s pihen\u00e9s az arc, a test \u00e9s a l\u00e9lek sz\u00e1m\u00e1ra<\/h6>\n[\/vc_column_text][vc_column_text]\n<div style=\"text-align: center;\">\n<div style=\"margin: 0 0 60px 0;\"><span style=\"color: #777777;\">A kezel\u00e9sek alatt figyelem a b\u0151rt \u00e9s azon fel\u00fcl az \u201eeg\u00e9sz egys\u00e9get\u201d. K\u00fcls\u0151nk a l\u00e9lek t\u00fckre, a legpontosabb t\u00e9rk\u00e9p \u00e9let\u00fcnkr\u0151l. Val\u00f3j\u00e1ban a sz\u00e9ps\u00e9g nem m\u00e1s, mint lelki eszt\u00e9tikum! Ezen fel\u00fcl amit m\u00e9g hozz\u00e1 adhatunk az a term\u00e9szetes \u00e1polts\u00e1g.<\/span><\/div>\n<\/div>\n[\/vc_column_text][\/vc_column][\/vc_row][vc_row equal_height=&#8221;yes&#8221; css=&#8221;.vc_custom_1573645037202{margin-bottom: -62px !important;padding-top: 80px !important;padding-bottom: 120px !important;background-image: url(http:\/\/essentialkosmetik.de\/hu\/wp-content\/uploads\/2017\/01\/woman-spa-7.jpg?id=1471) !important;background-position: center !important;background-repeat: no-repeat !important;background-size: contain !important;}&#8221; el_class=&#8221;remove-row-940&#8243;][vc_column width=&#8221;1\/2&#8243; css=&#8221;.vc_custom_1573645856756{margin-top: -50px !important;}&#8221;][vc_column_text css_animation=&#8221;flipInX&#8221; css=&#8221;.vc_custom_1573751649199{padding-bottom: 100px !important;}&#8221;]\n<div style=\"text-align: center;\">\n<h4><i class=\"fa fa-child\" style=\"color: #947a99; font-size: 1.2em;\"><!-- icon --><\/i>\u00a0\u00a0\u00a0SZEM\u00c9LYRE SZABOTT ARC\u00c1POL\u00c1S<\/h4>\n<div style=\"color: #777; margin: 10px 0 0; font-size: 14px;\"><a href=\"http:\/\/essentialkosmetik.de\/hu\/kozmetikai-kezelesek\/\">Egyedi,<\/a><\/div>\n<div style=\"color: #777; margin: 10px 0 0; font-size: 14px;\"><a href=\"http:\/\/essentialkosmetik.de\/hu\/kozmetikai-kezelesek\/\"> a b\u0151r adott \u00e1llapot\u00e1nak legmegfelel\u0151bb<\/a><\/div>\n<div style=\"color: #777; margin: 10px 0 0; font-size: 14px;\"><a href=\"http:\/\/essentialkosmetik.de\/hu\/kozmetikai-kezelesek\/\"> hat\u00f3anyagokb\u00f3l \u00f6ssze\u00e1ll\u00edtott<\/a><\/div>\n<div style=\"color: #777; margin: 10px 0 0; font-size: 14px;\"><a href=\"http:\/\/essentialkosmetik.de\/hu\/kozmetikai-kezelesek\/\">arckezel\u00e9sek <\/a><\/div>\n<\/div>\n[\/vc_column_text][vc_column_text css_animation=&#8221;flipInX&#8221; css=&#8221;.vc_custom_1573751748472{padding-bottom: 100px !important;}&#8221;]\n<div style=\"text-align: center;\">\n<h4><i class=\"fa fa-connectdevelop\" style=\"color: #947a99; font-size: 1.2em;\"><!-- icon --><\/i>\u00a0\u00a0\u00a0EPIL\u00c1L\u00c1SBAN A CS\u00daCSON!<\/h4>\n<div style=\"color: #777; margin: 10px 0 0; font-size: 14px;\"><a href=\"http:\/\/essentialkosmetik.de\/hu\/kozmetikai-kezelesek\/\">A Starpil vezet\u0151 szerepet t\u00f6lt be<\/a><\/div>\n<div style=\"color: #777; margin: 10px 0 0; font-size: 14px;\"><a href=\"http:\/\/essentialkosmetik.de\/hu\/kozmetikai-kezelesek\/\">a professzion\u00e1lis sz\u0151rtelen\u00edt\u00e9s ter\u00fclet\u00e9n.<\/a><\/div>\n<div style=\"color: #777; margin: 10px 0 0; font-size: 14px;\"><a href=\"http:\/\/essentialkosmetik.de\/hu\/kozmetikai-kezelesek\/\">Egyed\u00fcl\u00e1ll\u00f3 wax formul\u00e1ja mellett a roll-ON rendszer <\/a><\/div>\n<div style=\"color: #777; margin: 10px 0 0; font-size: 14px;\"><a href=\"http:\/\/essentialkosmetik.de\/hu\/kozmetikai-kezelesek\/\">feltal\u00e1l\u00f3ja is egyben.<\/a><\/div>\n<\/div>\n[\/vc_column_text][vc_column_text css_animation=&#8221;flipInX&#8221; css=&#8221;.vc_custom_1573751772173{padding-bottom: 100px !important;}&#8221;]\n<div style=\"text-align: center;\">\n<h4><i class=\"fa fa-envira\" style=\"color: #947a99; font-size: 1.2em;\"><!-- icon --><\/i>\u00a0\u00a0\u00a0KREAT\u00cdV KOZMETIKA<\/h4>\n<div style=\"color: #777; margin: 10px 0 0; font-size: 14px;\"><a href=\"http:\/\/essentialkosmetik.de\/hu\/kozmetikai-kezelesek\/\">A Natur &amp; Kreat\u00edv Kozmetika<\/a><\/div>\n<div style=\"color: #777; margin: 10px 0 0; font-size: 14px;\"><a href=\"http:\/\/essentialkosmetik.de\/hu\/kozmetikai-kezelesek\/\">val\u00f3di probl\u00e9m\u00e1kat kezel <\/a><\/div>\n<div style=\"color: #777; margin: 10px 0 0; font-size: 14px;\"><a href=\"http:\/\/essentialkosmetik.de\/hu\/kozmetikai-kezelesek\/\">hat\u00e9konyan \u00e9s b\u0151rirrit\u00e1ci\u00f3 mentesen!<\/a><\/div>\n<\/div>\n[\/vc_column_text][\/vc_column][vc_column width=&#8221;1\/2&#8243;][vc_column_text css_animation=&#8221;flipInX&#8221; css=&#8221;.vc_custom_1573751687307{padding-bottom: 100px !important;}&#8221;]\n<div style=\"text-align: center;\">\n<h4><i class=\"fa fa-magic\" style=\"color: #947a99; font-size: 1.2em;\"><!-- icon --><\/i>\u00a0SZEM\u00d6LD\u00d6K \u00c9S SZEMPILLA&#8230;<\/h4>\n<div style=\"color: #777777; margin: 10px 0px 0px; font-size: 14px;\"><a href=\"http:\/\/essentialkosmetik.de\/hu\/kozmetikai-kezelesek\/\">Biztons\u00e1gos \u00e9s hat\u00e9kony.<\/a><br \/>\n<a href=\"http:\/\/essentialkosmetik.de\/hu\/kozmetikai-kezelesek\/\">Fantasztikus alternat\u00edva <\/a><br \/>\n<a href=\"http:\/\/essentialkosmetik.de\/hu\/kozmetikai-kezelesek\/\">a hagyom\u00e1nyos fest\u00e9s \u00e9s <\/a><br \/>\n<a href=\"http:\/\/essentialkosmetik.de\/hu\/kozmetikai-kezelesek\/\">tetov\u00e1l\u00e1s helyett. <\/a><\/div>\n<\/div>\n[\/vc_column_text][vc_column_text css_animation=&#8221;flipInX&#8221; css=&#8221;.vc_custom_1573751721420{padding-bottom: 100px !important;}&#8221;]\n<div style=\"text-align: center;\">\n<h4><i class=\"fa fa-diamond\" style=\"color: #947a99; font-size: 1em;\"><!-- icon --><\/i>\u00a0\u00a0\u00a0 WAX<\/h4>\n<div style=\"color: #777777; margin: 10px 0px 0px; font-size: 14px;\"><a href=\"http:\/\/essentialkosmetik.de\/hu\/kozmetikai-kezelesek\/\">Legnagyobb gondoss\u00e1ggal \u00f6sszpontos\u00edt<\/a><\/div>\n<div style=\"color: #777777; margin: 10px 0px 0px; font-size: 14px;\"><a href=\"http:\/\/essentialkosmetik.de\/hu\/kozmetikai-kezelesek\/\">a gyant\u00e1z\u00e1s eg\u00e9sz met\u00f3dus\u00e1ra m\u00e1r <\/a><\/div>\n<div style=\"color: #777777; margin: 10px 0px 0px; font-size: 14px;\"><a href=\"http:\/\/essentialkosmetik.de\/hu\/kozmetikai-kezelesek\/\">az el\u0151kezel\u00e9st\u0151l kezdve a waxol\u00e1son \u00e1t<\/a><\/div>\n<div style=\"color: #777777; margin: 10px 0px 0px; font-size: 14px;\"><a href=\"http:\/\/essentialkosmetik.de\/hu\/kozmetikai-kezelesek\/\"> az ut\u00f3\u00e1pol\u00e1sig.<\/a><\/div>\n<\/div>\n[\/vc_column_text][vc_column_text css_animation=&#8221;flipInX&#8221; css=&#8221;.vc_custom_1573751804544{padding-bottom: 100px !important;}&#8221;]\n<div style=\"text-align: center;\">\n<h4><i class=\"fa fa-heart\" style=\"color: #947a99; font-size: 1.2em;\"><!-- icon --><\/i>BALZSAM LABOR PROFESSIONAL<\/h4>\n<div style=\"color: #777; margin: 10px 0 0; font-size: 14px;\"><a href=\"http:\/\/essentialkosmetik.de\/hu\/kozmetikai-kezelesek\/\">100% term\u00e9szetes eredet\u0171, \u00f6sszhangban a term\u00e9szettel.<\/a><\/div>\n<div style=\"color: #777; margin: 10px 0 0; font-size: 14px;\"><a href=\"http:\/\/essentialkosmetik.de\/hu\/kozmetikai-kezelesek\/\"> a n\u00e9pi gy\u00f3gy\u00e1szat \u00e9vsz\u00e1zados tapasztalatai \u00e9s<\/a><\/div>\n<div style=\"color: #777; margin: 10px 0 0; font-size: 14px;\"><a href=\"http:\/\/essentialkosmetik.de\/hu\/kozmetikai-kezelesek\/\">a modern kor tudom\u00e1nyos fejleszt\u00e9sei \u00e1ltal.<\/a><\/div>\n<\/div>\n[\/vc_column_text][\/vc_column][\/vc_row][vc_row full_width=&#8221;stretch_row&#8221; css=&#8221;.vc_custom_1487470851996{margin-top: 30px !important;background-color: #947a99 !important;}&#8221;][vc_column][vc_cta h2=&#8221;Sz\u00e1nj id\u0151t magadra!&#8221; h2_font_container=&#8221;font_size:40|color:%23ffffff&#8221; h2_use_theme_fonts=&#8221;yes&#8221; shape=&#8221;square&#8221; style=&#8221;flat&#8221; color=&#8221;peacoc&#8221; add_button=&#8221;right&#8221; btn_title=&#8221;Id\u0151pont?&#8221; btn_style=&#8221;flat&#8221; btn_align=&#8221;right&#8221; btn_css_animation=&#8221;bounceIn&#8221; css_animation=&#8221;none&#8221; use_custom_fonts_h2=&#8221;true&#8221; use_custom_fonts_h4=&#8221;true&#8221; css=&#8221;.vc_custom_1594923666256{margin-left: -30px !important;background-color: #947a99 !important;}&#8221; h2_link=&#8221;&#8221; btn_link=&#8221;url:https%3A%2F%2Fessentialkosmetik.de%2Fhu%2Fcontacts%2F|title:KONTAKT||&#8221;][\/vc_cta][\/vc_column][\/vc_row]\n","protected":false},"excerpt":{"rendered":"<p>[vc_row full_width=&#8221;stretch_row&#8221; equal_height=&#8221;yes&#8221; bg_type=&#8221;image&#8221; parallax_style=&#8221;vcpb-default&#8221; bg_image_new=&#8221;id^368|url^http:\/\/essentialkosmetik.de\/hu\/wp-content\/uploads\/2017\/01\/MEDISPA_SLIDER4.jpg|caption^null|alt^null|title^MEDISPA_SLIDER4|description^null&#8221; bg_image_repeat=&#8221;no-repeat&#8221; css=&#8221;.vc_custom_1487636340364{padding-top: 40px !important;padding-bottom: 80px !important;background-image: url(http:\/\/essentialkosmetik.de\/hu\/wp-content\/uploads\/2017\/01\/MEDISPA_SLIDER03.jpg?id=1026) !important;background-position: center !important;background-repeat: no-repeat !important;background-size: cover !important;}&#8221;][vc_column width=&#8221;2\/3&#8243; css=&#8221;.vc_custom_1484100970608{margin-bottom: 30px !important;}&#8221;][vc_column_text css_animation=&#8221;slideInLeft&#8221;] Essential SkinCare Kosmetik kosmetik studio where you will feel unique and special [\/vc_column_text][vc_column_text css_animation=&#8221;slideInLeft&#8221;] Sz\u00e9ps\u00e9gre hangolva &#8230; term\u00e9szetesen\u2026 A term\u00e9szet esszenci\u00e1ja \u00fajj\u00e1\u00e9p\u00edti<\/p>\n","protected":false},"author":1,"featured_media":0,"parent":0,"menu_order":0,"comment_status":"closed","ping_status":"closed","template":"","meta":{"footnotes":""},"class_list":["post-1618","page","type-page","status-publish","hentry"],"_links":{"self":[{"href":"https:\/\/essentialkosmetik.de\/hu\/wp-json\/wp\/v2\/pages\/1618","targetHints":{"allow":["GET"]}}],"collection":[{"href":"https:\/\/essentialkosmetik.de\/hu\/wp-json\/wp\/v2\/pages"}],"about":[{"href":"https:\/\/essentialkosmetik.de\/hu\/wp-json\/wp\/v2\/types\/page"}],"author":[{"embeddable":true,"href":"https:\/\/essentialkosmetik.de\/hu\/wp-json\/wp\/v2\/users\/1"}],"replies":[{"embeddable":true,"href":"https:\/\/essentialkosmetik.de\/hu\/wp-json\/wp\/v2\/comments?post=1618"}],"version-history":[{"count":10,"href":"https:\/\/essentialkosmetik.de\/hu\/wp-json\/wp\/v2\/pages\/1618\/revisions"}],"predecessor-version":[{"id":1701,"href":"https:\/\/essentialkosmetik.de\/hu\/wp-json\/wp\/v2\/pages\/1618\/revisions\/1701"}],"wp:attachment":[{"href":"https:\/\/essentialkosmetik.de\/hu\/wp-json\/wp\/v2\/media?parent=1618"}],"curies":[{"name":"wp","href":"https:\/\/api.w.org\/{rel}","templated":true}]}}